{"id":75,"date":"2013-06-15T23:47:44","date_gmt":"2013-06-15T21:47:44","guid":{"rendered":"http:\/\/www.waldfaun.de\/wordpress\/?post_type=product&#038;p=75"},"modified":"2018-06-19T11:30:52","modified_gmt":"2018-06-19T09:30:52","slug":"w","status":"publish","type":"product","link":"https:\/\/www.waldfaun.de\/wordpress\/?product=w","title":{"rendered":"W"},"content":{"rendered":"<p>&#8222;W\u00e4hrend einer Wanderung verliert der Student Hannes M\u00fchlberg unvermittelt das Bewusstsein. Als er aus seiner Ohnmacht erwacht, findet er sich in einer mittelalterlichen Welt wieder und ger\u00e4t dort mitten in ein Spiel aus Intrigen, Gewalt und Macht. Eine R\u00fcckkehr in sein vorheriges Leben scheint aussichtslos, bis er allm\u00e4hlich erkennt, wer in Wahrheit sein Widersacher ist&#8230;&#8220;<br \/>\nDas vielversprechende Erstlingswerk von Michael Konrad. 234 Seiten.<\/p>\n<p><strong>Autor<\/strong><br \/>\nMichael Konrad<\/p>\n<p><strong>Erschienen<\/strong><br \/>\nM\u00e4rz 2012<\/p>\n<p><strong>ISBN<\/strong><br \/>\n978-3-937921-04-4<\/p>\n","protected":false},"excerpt":{"rendered":"<p>&#8222;W\u00e4hrend einer Wanderung verliert der Student Hannes M\u00fchlberg unvermittelt das Bewusstsein. Als er aus seiner Ohnmacht erwacht, findet er sich in einer mittelalterlichen Welt wieder und ger\u00e4t dort mitten in ein Spiel aus Intrigen, Gewalt und Macht. Eine R\u00fcckkehr in sein vorheriges Leben scheint aussichtslos, bis er allm\u00e4hlich erkennt, wer in Wahrheit sein Widersacher ist&#8230;&#8220; [&hellip;]<\/p>\n","protected":false},"featured_media":119,"comment_status":"open","ping_status":"closed","template":"","meta":[],"product_brand":[],"product_cat":[35],"product_tag":[],"class_list":{"0":"post-75","1":"product","2":"type-product","3":"status-publish","4":"has-post-thumbnail","6":"product_cat-phantastisches","7":"product_shipping_class-buch-a5","9":"first","10":"instock","11":"shipping-taxable","12":"purchasable","13":"product-type-simple"},"_links":{"self":[{"href":"https:\/\/www.waldfaun.de\/wordpress\/index.php?rest_route=\/wp\/v2\/product\/75","targetHints":{"allow":["GET"]}}],"collection":[{"href":"https:\/\/www.waldfaun.de\/wordpress\/index.php?rest_route=\/wp\/v2\/product"}],"about":[{"href":"https:\/\/www.waldfaun.de\/wordpress\/index.php?rest_route=\/wp\/v2\/types\/product"}],"replies":[{"embeddable":true,"href":"https:\/\/www.waldfaun.de\/wordpress\/index.php?rest_route=%2Fwp%2Fv2%2Fcomments&post=75"}],"wp:featuredmedia":[{"embeddable":true,"href":"https:\/\/www.waldfaun.de\/wordpress\/index.php?rest_route=\/wp\/v2\/media\/119"}],"wp:attachment":[{"href":"https:\/\/www.waldfaun.de\/wordpress\/index.php?rest_route=%2Fwp%2Fv2%2Fmedia&parent=75"}],"wp:term":[{"taxonomy":"product_brand","embeddable":true,"href":"https:\/\/www.waldfaun.de\/wordpress\/index.php?rest_route=%2Fwp%2Fv2%2Fproduct_brand&post=75"},{"taxonomy":"product_cat","embeddable":true,"href":"https:\/\/www.waldfaun.de\/wordpress\/index.php?rest_route=%2Fwp%2Fv2%2Fproduct_cat&post=75"},{"taxonomy":"product_tag","embeddable":true,"href":"https:\/\/www.waldfaun.de\/wordpress\/index.php?rest_route=%2Fwp%2Fv2%2Fproduct_tag&post=75"}],"curies":[{"name":"wp","href":"https:\/\/api.w.org\/{rel}","templated":true}]}}