{"id":72,"date":"2013-04-19T18:42:28","date_gmt":"2013-04-19T16:42:28","guid":{"rendered":"http:\/\/www.waldfaun.de\/wordpress\/?post_type=product&#038;p=72"},"modified":"2018-06-19T11:31:03","modified_gmt":"2018-06-19T09:31:03","slug":"heligonische-gedichte-band-ii","status":"publish","type":"product","link":"https:\/\/www.waldfaun.de\/wordpress\/?product=heligonische-gedichte-band-ii","title":{"rendered":"Heligonische Gedichte Band II"},"content":{"rendered":"<p>Der Sammlung zeitgen\u00f6ssischer Gedichte zweiter Band<\/p>\n<p>127 Seiten gef\u00fcllt mit der Dicht- und Liedkunst aus dem fiktiven K\u00f6nigreich Heligonia.<\/p>\n<p><strong>Herausgeber<\/strong><br \/>\nUlf von Birchheim<\/p>\n<p><strong>Erschienen<\/strong><br \/>\nDezember 2011<\/p>\n<p><strong>ISBN<\/strong><br \/>\n978-3-937921-03-7<\/p>\n","protected":false},"excerpt":{"rendered":"<p>Der Sammlung zeitgen\u00f6ssischer Gedichte zweiter Band 127 Seiten gef\u00fcllt mit der Dicht- und Liedkunst aus dem fiktiven K\u00f6nigreich Heligonia. Herausgeber Ulf von Birchheim Erschienen Dezember 2011 ISBN 978-3-937921-03-7<\/p>\n","protected":false},"featured_media":118,"comment_status":"open","ping_status":"closed","template":"","meta":[],"product_brand":[],"product_cat":[35],"product_tag":[],"class_list":{"0":"post-72","1":"product","2":"type-product","3":"status-publish","4":"has-post-thumbnail","6":"product_cat-phantastisches","7":"product_shipping_class-buch-a5","9":"first","10":"instock","11":"shipping-taxable","12":"purchasable","13":"product-type-simple"},"_links":{"self":[{"href":"https:\/\/www.waldfaun.de\/wordpress\/index.php?rest_route=\/wp\/v2\/product\/72","targetHints":{"allow":["GET"]}}],"collection":[{"href":"https:\/\/www.waldfaun.de\/wordpress\/index.php?rest_route=\/wp\/v2\/product"}],"about":[{"href":"https:\/\/www.waldfaun.de\/wordpress\/index.php?rest_route=\/wp\/v2\/types\/product"}],"replies":[{"embeddable":true,"href":"https:\/\/www.waldfaun.de\/wordpress\/index.php?rest_route=%2Fwp%2Fv2%2Fcomments&post=72"}],"wp:featuredmedia":[{"embeddable":true,"href":"https:\/\/www.waldfaun.de\/wordpress\/index.php?rest_route=\/wp\/v2\/media\/118"}],"wp:attachment":[{"href":"https:\/\/www.waldfaun.de\/wordpress\/index.php?rest_route=%2Fwp%2Fv2%2Fmedia&parent=72"}],"wp:term":[{"taxonomy":"product_brand","embeddable":true,"href":"https:\/\/www.waldfaun.de\/wordpress\/index.php?rest_route=%2Fwp%2Fv2%2Fproduct_brand&post=72"},{"taxonomy":"product_cat","embeddable":true,"href":"https:\/\/www.waldfaun.de\/wordpress\/index.php?rest_route=%2Fwp%2Fv2%2Fproduct_cat&post=72"},{"taxonomy":"product_tag","embeddable":true,"href":"https:\/\/www.waldfaun.de\/wordpress\/index.php?rest_route=%2Fwp%2Fv2%2Fproduct_tag&post=72"}],"curies":[{"name":"wp","href":"https:\/\/api.w.org\/{rel}","templated":true}]}}