{"id":66,"date":"2013-04-12T00:40:18","date_gmt":"2013-04-11T22:40:18","guid":{"rendered":"http:\/\/www.waldfaun.de\/wordpress\/?post_type=product&#038;p=66"},"modified":"2018-06-19T11:59:11","modified_gmt":"2018-06-19T09:59:11","slug":"tanzen-in-heligonia","status":"publish","type":"product","link":"https:\/\/www.waldfaun.de\/wordpress\/?product=tanzen-in-heligonia","title":{"rendered":"Tanzen in Heligonia"},"content":{"rendered":"<p>Eine Sammlung von 44 T\u00e4nzen mit Anleitung und Noten. Die T\u00e4nze sind entweder historisch oder diesen Vorbildern nachempfunden und eignen sich sowohl f\u00fcr mittelalterliche Festivit\u00e4ten, Hochzeiten, wie auch f\u00fcrs Live-Rollenspiel. Es sind sowohl T\u00e4nze f\u00fcr Anf\u00e4nger wie auch f\u00fcr Fortgeschrittene enthalten.<\/p>\n<p>Enth\u00e4lt komplette Notens\u00e4tze, teilweise eigens f\u00fcr das Tanzbuch harmonisiert.<\/p>\n<p>Das Buch enth\u00e4lt die Tanz-CD &#8222;Tanderadau&#8220;. 10 St\u00fccke wurden zum sofortigen Ausprobieren einiger der T\u00e4nze aus dem Buch eingespielt. Die St\u00fccke eignen sich zum Proben, aber auch f\u00fcr den eigenen Tanzabend mit Freunden und Verwandten.<\/p>\n<p>Ringbuch mit 128 Seiten<\/p>\n<p><strong>Autoren \/ Notensetzer<\/strong><br \/>\nSusanne Arbogast, Kathrin Beck, Nicola Sareika, Melanie &amp; Henning Frank, Nicole Hei\u00df, In\u00e9s &amp; Marc Hermann, Daniela Lochner, Andreas Reicke, Susanne Schlott, Stefan Schlott<\/p>\n<p><strong>Erschienen<\/strong><br \/>\nNovember 2008<\/p>\n<p><strong>ISBN<\/strong><br \/>\n978-3-937921-02-0<\/p>\n<p><strong>Inhalt<\/strong><\/p>\n<p>John Playford: Hole in the Wall, Inflation, G\u00e4nsejagd, Nonsuch, Hunt the Squirrel!, Indian Queen<\/p>\n<p>Thoinot Arbeau: Branle des chevaux, Branle des pois, Branle des rats, Branle du Chandelier, Branle d&#8217;Ecosse<\/p>\n<p>Volkst\u00e4nze: Polonaise, Wicklertanz, Siebenschritt, Cercle, Dashing White Sergeant, Maitre de la Maison, Traubentritt, Siebensprung, Le Bouc<\/p>\n<p>Historisch: Chapelloise, Ungaresca, Herrenfang, Galoppa, Allemande, Pavane de cercle, Schiarazula, Septa Couranta-Suite<\/p>\n<p><strong>CD-Trackliste:<\/strong><br \/>\n1. Branle d&#8217;Ecosse<br \/>\n<a href=\"http:\/\/www.waldfaun.de\/wordpress\/wp-content\/uploads\/2013\/04\/tanderadau_jenny-plug-pears.mp3\" target=\"_blank\">2. Jenny Plug Pears ( H\u00f6rprobe 591 Kb)<\/a><br \/>\n<a href=\"http:\/\/www.waldfaun.de\/wordpress\/wp-content\/uploads\/2013\/04\/tanderadau_hole-in-the-wall.mp3\" target=\"_blank\">3. Hole in the Wall (H\u00f6rprobe 619 Kb)<\/a><br \/>\n4. Schiarazula marazula<br \/>\n5. Le Branle du Chandelier<br \/>\n<a href=\"http:\/\/www.waldfaun.de\/wordpress\/wp-content\/uploads\/2013\/04\/tanderadau_branle-des-rats.mp3\" target=\"_blank\">6. Branle de Rats (H\u00f6rprobe 518 Kb)<\/a><br \/>\n7. Ongarescha<br \/>\n8. John&#8217;s Jig-Set<br \/>\n9. Nuts in May<br \/>\n<a href=\"http:\/\/www.waldfaun.de\/wordpress\/wp-content\/uploads\/2013\/04\/tanderadau_maitre-de-la-maison.mp3\" target=\"_blank\">10. Maitre de la Maison (H\u00f6rprobe 569 Kb)<\/a><br \/>\n11. Don Kawumm<br \/>\n12. Klezmer du Chandelier<\/p>\n<p>&nbsp;<\/p>\n","protected":false},"excerpt":{"rendered":"<p>Eine Sammlung von 44 T\u00e4nzen mit Anleitung und Noten. Die T\u00e4nze sind entweder historisch oder diesen Vorbildern nachempfunden und eignen sich sowohl f\u00fcr mittelalterliche Festivit\u00e4ten, Hochzeiten, wie auch f\u00fcrs Live-Rollenspiel. Es sind sowohl T\u00e4nze f\u00fcr Anf\u00e4nger wie auch f\u00fcr Fortgeschrittene enthalten.<br \/>\nEnth\u00e4lt komplette Notens\u00e4tze, teilweise eigens f\u00fcr das Tanzbuch harmonisiert.<br \/>\nInclusive der Tanz-CD &#8222;Tanderadau&#8220;<\/p>\n","protected":false},"featured_media":29,"comment_status":"open","ping_status":"closed","template":"","meta":[],"product_brand":[],"product_cat":[37,35],"product_tag":[],"class_list":{"0":"post-66","1":"product","2":"type-product","3":"status-publish","4":"has-post-thumbnail","6":"product_cat-mittelalterlich-feiern","7":"product_cat-phantastisches","8":"product_shipping_class-buch-a4","10":"first","11":"instock","12":"shipping-taxable","13":"purchasable","14":"product-type-simple"},"_links":{"self":[{"href":"https:\/\/www.waldfaun.de\/wordpress\/index.php?rest_route=\/wp\/v2\/product\/66","targetHints":{"allow":["GET"]}}],"collection":[{"href":"https:\/\/www.waldfaun.de\/wordpress\/index.php?rest_route=\/wp\/v2\/product"}],"about":[{"href":"https:\/\/www.waldfaun.de\/wordpress\/index.php?rest_route=\/wp\/v2\/types\/product"}],"replies":[{"embeddable":true,"href":"https:\/\/www.waldfaun.de\/wordpress\/index.php?rest_route=%2Fwp%2Fv2%2Fcomments&post=66"}],"wp:featuredmedia":[{"embeddable":true,"href":"https:\/\/www.waldfaun.de\/wordpress\/index.php?rest_route=\/wp\/v2\/media\/29"}],"wp:attachment":[{"href":"https:\/\/www.waldfaun.de\/wordpress\/index.php?rest_route=%2Fwp%2Fv2%2Fmedia&parent=66"}],"wp:term":[{"taxonomy":"product_brand","embeddable":true,"href":"https:\/\/www.waldfaun.de\/wordpress\/index.php?rest_route=%2Fwp%2Fv2%2Fproduct_brand&post=66"},{"taxonomy":"product_cat","embeddable":true,"href":"https:\/\/www.waldfaun.de\/wordpress\/index.php?rest_route=%2Fwp%2Fv2%2Fproduct_cat&post=66"},{"taxonomy":"product_tag","embeddable":true,"href":"https:\/\/www.waldfaun.de\/wordpress\/index.php?rest_route=%2Fwp%2Fv2%2Fproduct_tag&post=66"}],"curies":[{"name":"wp","href":"https:\/\/api.w.org\/{rel}","templated":true}]}}