{"id":482,"date":"2016-04-17T21:57:47","date_gmt":"2016-04-17T19:57:47","guid":{"rendered":"http:\/\/www.waldfaun.de\/wordpress\/?product=hausgemachte-naturkosmetik-auflage-3"},"modified":"2025-10-06T10:12:30","modified_gmt":"2025-10-06T08:12:30","slug":"hausgemachte-naturkosmetik-auflage-3","status":"publish","type":"product","link":"https:\/\/www.waldfaun.de\/wordpress\/?product=hausgemachte-naturkosmetik-auflage-3","title":{"rendered":"Hausgemachte Naturkosmetik (Auflage 3)"},"content":{"rendered":"<p>Dieses Buch widmet sich der Zubereitung von Naturkosmetik. \u00dcber hundert Rezepte mit genauer Anleitung zeigen, wie leicht Pflegeprodukte selbst hergestellt werden k\u00f6nnen. Aus Kr\u00e4utern und hochwertigen \u00d6len entstehen Lotionen, Cremes, Salben, Haarsp\u00fclungen, Badezus\u00e4tze und Lippenpflegestifte. Bei der Herstellung ohne chemische Konservierungsstoffe, k\u00fcnstliche Farbstoffe und synthetische Emulgatoren kann jeder selbst \u00fcber die Zusammensetzung seiner Kosmetikprodukte bestimmen.<br \/>\nDie einzelnen Rezepte wurden von der Autorin entwickelt und sind mehrfach erprobt. Sie beinhalten nur wenige, \u00fcberschaubare Zutaten, so dass sie sich unkompliziert r\u00fchren lassen.<br \/>\nDiese \u00fcberarbeitete Ausgabe enth\u00e4lt nun ca. 190 Rezepte f\u00fcr den t\u00e4glichen Gebrauch. Das Buch umfasst ca. 300 Seiten.<\/p>\n<p><a href=\"http:\/\/www.waldfaun.de\/wordpress\/wp-content\/uploads\/2016\/04\/Hausgemachte_Naturkosmetik_3_Inhalt.pdf\">Inhalt Auflage 3<\/a><\/p>\n<p><strong>Autorin<\/strong><br \/>\nIn\u00e9s Hermann<\/p>\n<p><strong>3. Auflage<\/strong><\/p>\n<p><strong>Erschienen<\/strong><br \/>\nM\u00e4rz 2016<\/p>\n<p><strong>ISBN<\/strong><br \/>\n978-3-937921-10-5<\/p>\n","protected":false},"excerpt":{"rendered":"<p>Dieses Buch widmet sich der Zubereitung von Naturkosmetik. \u00dcber hundert Rezepte mit genauer Anleitung zeigen, wie leicht Pflegeprodukte selbst hergestellt werden k\u00f6nnen. Aus Kr\u00e4utern und hochwertigen \u00d6len entstehen Lotionen, Cremes, Salben, Haarsp\u00fclungen, Badezus\u00e4tze und Lippenpflegestifte. Bei der Herstellung ohne chemische Konservierungsstoffe, k\u00fcnstliche Farbstoffe und synthetische Emulgatoren kann jeder selbst \u00fcber die Zusammensetzung seiner Kosmetikprodukte bestimmen. [&hellip;]<\/p>\n","protected":false},"featured_media":483,"comment_status":"open","ping_status":"closed","template":"","meta":[],"product_brand":[],"product_cat":[36],"product_tag":[],"class_list":{"0":"post-482","1":"product","2":"type-product","3":"status-publish","4":"has-post-thumbnail","6":"product_cat-selbst-gemacht","7":"product_shipping_class-versandkostenfrei","9":"first","10":"outofstock","11":"shipping-taxable","12":"purchasable","13":"product-type-simple"},"_links":{"self":[{"href":"https:\/\/www.waldfaun.de\/wordpress\/index.php?rest_route=\/wp\/v2\/product\/482","targetHints":{"allow":["GET"]}}],"collection":[{"href":"https:\/\/www.waldfaun.de\/wordpress\/index.php?rest_route=\/wp\/v2\/product"}],"about":[{"href":"https:\/\/www.waldfaun.de\/wordpress\/index.php?rest_route=\/wp\/v2\/types\/product"}],"replies":[{"embeddable":true,"href":"https:\/\/www.waldfaun.de\/wordpress\/index.php?rest_route=%2Fwp%2Fv2%2Fcomments&post=482"}],"wp:featuredmedia":[{"embeddable":true,"href":"https:\/\/www.waldfaun.de\/wordpress\/index.php?rest_route=\/wp\/v2\/media\/483"}],"wp:attachment":[{"href":"https:\/\/www.waldfaun.de\/wordpress\/index.php?rest_route=%2Fwp%2Fv2%2Fmedia&parent=482"}],"wp:term":[{"taxonomy":"product_brand","embeddable":true,"href":"https:\/\/www.waldfaun.de\/wordpress\/index.php?rest_route=%2Fwp%2Fv2%2Fproduct_brand&post=482"},{"taxonomy":"product_cat","embeddable":true,"href":"https:\/\/www.waldfaun.de\/wordpress\/index.php?rest_route=%2Fwp%2Fv2%2Fproduct_cat&post=482"},{"taxonomy":"product_tag","embeddable":true,"href":"https:\/\/www.waldfaun.de\/wordpress\/index.php?rest_route=%2Fwp%2Fv2%2Fproduct_tag&post=482"}],"curies":[{"name":"wp","href":"https:\/\/api.w.org\/{rel}","templated":true}]}}