{"id":2894,"date":"2026-01-17T11:26:25","date_gmt":"2026-01-17T09:26:25","guid":{"rendered":"https:\/\/www.waldfaun.de\/wordpress\/?post_type=product&#038;p=2894"},"modified":"2026-01-17T11:43:43","modified_gmt":"2026-01-17T09:43:43","slug":"heilsalben-kraeuterbalsame-pflegepasten","status":"publish","type":"product","link":"https:\/\/www.waldfaun.de\/wordpress\/?product=heilsalben-kraeuterbalsame-pflegepasten","title":{"rendered":"Heilsalben, Kr\u00e4uterbalsame, Pflegepasten"},"content":{"rendered":"<p>So wie beim Kochen gilt f\u00fcr die Kosmetik der Grundsatz: beim Selbermachen behalte ich die Kontrolle \u00fcber die Inhaltsstoffe.<br \/>\nDie Herstellung von Naturkosmetik bevorzugt ganz klar pflanzliche Rohstoffe, nach M\u00f6glichkeit aus biologischem Anbau. Ausgesuchte Zutaten, die nachhaltig und umweltfreundlich unter Ber\u00fccksichtigung von Qualit\u00e4t und Verf\u00fcgbarkeit ausgew\u00e4hlt werden.<br \/>\nViele der in den Rezepten verwendeten Pflanzen und Kr\u00e4uter k\u00f6nnen selbst gesammelt oder angebaut werden.<br \/>\nAus wenigen hochwertigen Inhaltsstoffen entsteht ein Pflegeprodukt, das der Haut alles anbietet was sie braucht.<br \/>\nDieses Buch zeigt die Grundlagen der Herstellung von Salben, Balsamen und Pasten. Es enth\u00e4lt mehr als 100 erprobte Rezepte zum Selbstr\u00fchren.<\/p>\n<p>Ringbuch mit 168 Seiten<\/p>\n<p><a href=\"http:\/\/www.waldfaun.de\/wordpress\/wp-content\/uploads\/2026\/01\/Salbenbuch_Inhalt.pdf\" target=\"_blank\" rel=\"noopener\">Inhalt Auflage 1<\/a><\/p>\n<p><strong>Autorin<\/strong><br \/>\nIn\u00e9s Hermann<\/p>\n<p><strong>1. Auflage<\/strong><\/p>\n<p><strong>ISBN<\/strong><br \/>\n978-3-937921-20-4<\/p>\n","protected":false},"excerpt":{"rendered":"<p>So wie beim Kochen gilt f\u00fcr die Kosmetik der Grundsatz: beim Selbermachen behalte ich die Kontrolle \u00fcber die Inhaltsstoffe. Die Herstellung von Naturkosmetik bevorzugt ganz klar pflanzliche Rohstoffe, nach M\u00f6glichkeit aus biologischem Anbau. Ausgesuchte Zutaten, die nachhaltig und umweltfreundlich unter Ber\u00fccksichtigung von Qualit\u00e4t und Verf\u00fcgbarkeit ausgew\u00e4hlt werden. Viele der in den Rezepten verwendeten Pflanzen und [&hellip;]<\/p>\n","protected":false},"featured_media":2893,"comment_status":"open","ping_status":"closed","template":"","meta":[],"product_brand":[],"product_cat":[36],"product_tag":[],"class_list":{"0":"post-2894","1":"product","2":"type-product","3":"status-publish","4":"has-post-thumbnail","6":"product_cat-selbst-gemacht","7":"product_shipping_class-versandkostenfrei","9":"first","10":"instock","11":"shipping-taxable","12":"purchasable","13":"product-type-simple"},"_links":{"self":[{"href":"https:\/\/www.waldfaun.de\/wordpress\/index.php?rest_route=\/wp\/v2\/product\/2894","targetHints":{"allow":["GET"]}}],"collection":[{"href":"https:\/\/www.waldfaun.de\/wordpress\/index.php?rest_route=\/wp\/v2\/product"}],"about":[{"href":"https:\/\/www.waldfaun.de\/wordpress\/index.php?rest_route=\/wp\/v2\/types\/product"}],"replies":[{"embeddable":true,"href":"https:\/\/www.waldfaun.de\/wordpress\/index.php?rest_route=%2Fwp%2Fv2%2Fcomments&post=2894"}],"wp:featuredmedia":[{"embeddable":true,"href":"https:\/\/www.waldfaun.de\/wordpress\/index.php?rest_route=\/wp\/v2\/media\/2893"}],"wp:attachment":[{"href":"https:\/\/www.waldfaun.de\/wordpress\/index.php?rest_route=%2Fwp%2Fv2%2Fmedia&parent=2894"}],"wp:term":[{"taxonomy":"product_brand","embeddable":true,"href":"https:\/\/www.waldfaun.de\/wordpress\/index.php?rest_route=%2Fwp%2Fv2%2Fproduct_brand&post=2894"},{"taxonomy":"product_cat","embeddable":true,"href":"https:\/\/www.waldfaun.de\/wordpress\/index.php?rest_route=%2Fwp%2Fv2%2Fproduct_cat&post=2894"},{"taxonomy":"product_tag","embeddable":true,"href":"https:\/\/www.waldfaun.de\/wordpress\/index.php?rest_route=%2Fwp%2Fv2%2Fproduct_tag&post=2894"}],"curies":[{"name":"wp","href":"https:\/\/api.w.org\/{rel}","templated":true}]}}