{"id":2781,"date":"2025-02-24T10:19:38","date_gmt":"2025-02-24T08:19:38","guid":{"rendered":"https:\/\/www.waldfaun.de\/wordpress\/?post_type=product&#038;p=2781"},"modified":"2026-01-25T10:32:30","modified_gmt":"2026-01-25T08:32:30","slug":"naturseifen-einfach-selbst-gemacht-auflage-5-2","status":"publish","type":"product","link":"https:\/\/www.waldfaun.de\/wordpress\/?product=naturseifen-einfach-selbst-gemacht-auflage-5-2","title":{"rendered":"Naturseifen einfach selbst gemacht (Auflage 6)"},"content":{"rendered":"<p>In diesem Buch werden Grundlagen der Seifenherstellung im Kaltverfahren vorgestellt. Es enth\u00e4lt \u00fcber 194 erprobte Rezepte zur Herstellung von Naturseife im Kaltsiedeverfahren. In diesem Buch \u00fcberarbeitete die Autorin eigene Texte und Rezepte aus einem selbst erarbeiteten Volkshochschul-Skript sowie aus dem Naturseifenkalender, der zwischen 2007 und 2013 j\u00e4hrlich erschienen ist. Zus\u00e4tzlich sind viele neue Rezepte enthalten, Auflage 6 enth\u00e4lt zwei neue und einige \u00fcberarbeitete Rezepte.<\/p>\n<p>Ringbuch mit 320 Seiten<\/p>\n<p><a href=\"http:\/\/www.waldfaun.de\/wordpress\/wp-content\/uploads\/2025\/03\/Seifenbuch_Auflage_6_Inhalt.pdf\" target=\"_blank\" rel=\"noopener\">Inhalt Auflage 6<\/a><\/p>\n<p><strong>Autorin<\/strong><br \/>\nIn\u00e9s Hermann<\/p>\n<p><strong>6. Auflage<\/strong><\/p>\n<p><strong>ISBN<\/strong><br \/>\n978-3-937921-19-8<\/p>\n","protected":false},"excerpt":{"rendered":"<p>In diesem Buch werden Grundlagen der Seifenherstellung im Kaltverfahren vorgestellt. Es enth\u00e4lt \u00fcber 194 erprobte Rezepte zur Herstellung von Naturseife im Kaltsiedeverfahren. In diesem Buch \u00fcberarbeitete die Autorin eigene Texte und Rezepte aus einem selbst erarbeiteten Volkshochschul-Skript sowie aus dem Naturseifenkalender, der zwischen 2007 und 2013 j\u00e4hrlich erschienen ist. Zus\u00e4tzlich sind viele neue Rezepte enthalten, [&hellip;]<\/p>\n","protected":false},"featured_media":134,"comment_status":"open","ping_status":"closed","template":"","meta":[],"product_brand":[],"product_cat":[36],"product_tag":[],"class_list":{"0":"post-2781","1":"product","2":"type-product","3":"status-publish","4":"has-post-thumbnail","6":"product_cat-selbst-gemacht","7":"product_shipping_class-versandkostenfrei","9":"first","10":"instock","11":"shipping-taxable","12":"purchasable","13":"product-type-simple"},"_links":{"self":[{"href":"https:\/\/www.waldfaun.de\/wordpress\/index.php?rest_route=\/wp\/v2\/product\/2781","targetHints":{"allow":["GET"]}}],"collection":[{"href":"https:\/\/www.waldfaun.de\/wordpress\/index.php?rest_route=\/wp\/v2\/product"}],"about":[{"href":"https:\/\/www.waldfaun.de\/wordpress\/index.php?rest_route=\/wp\/v2\/types\/product"}],"replies":[{"embeddable":true,"href":"https:\/\/www.waldfaun.de\/wordpress\/index.php?rest_route=%2Fwp%2Fv2%2Fcomments&post=2781"}],"wp:featuredmedia":[{"embeddable":true,"href":"https:\/\/www.waldfaun.de\/wordpress\/index.php?rest_route=\/wp\/v2\/media\/134"}],"wp:attachment":[{"href":"https:\/\/www.waldfaun.de\/wordpress\/index.php?rest_route=%2Fwp%2Fv2%2Fmedia&parent=2781"}],"wp:term":[{"taxonomy":"product_brand","embeddable":true,"href":"https:\/\/www.waldfaun.de\/wordpress\/index.php?rest_route=%2Fwp%2Fv2%2Fproduct_brand&post=2781"},{"taxonomy":"product_cat","embeddable":true,"href":"https:\/\/www.waldfaun.de\/wordpress\/index.php?rest_route=%2Fwp%2Fv2%2Fproduct_cat&post=2781"},{"taxonomy":"product_tag","embeddable":true,"href":"https:\/\/www.waldfaun.de\/wordpress\/index.php?rest_route=%2Fwp%2Fv2%2Fproduct_tag&post=2781"}],"curies":[{"name":"wp","href":"https:\/\/api.w.org\/{rel}","templated":true}]}}