{"id":2470,"date":"2023-10-04T22:23:12","date_gmt":"2023-10-04T20:23:12","guid":{"rendered":"https:\/\/www.waldfaun.de\/wordpress\/?post_type=product&#038;p=2470"},"modified":"2023-10-04T22:23:55","modified_gmt":"2023-10-04T20:23:55","slug":"gruene-seifen-weiche-naturseifen-selbst-gemacht","status":"publish","type":"product","link":"https:\/\/www.waldfaun.de\/wordpress\/?product=gruene-seifen-weiche-naturseifen-selbst-gemacht","title":{"rendered":"Gr\u00fcne Seifen \u2013 weiche Naturseifen selbst gemacht"},"content":{"rendered":"<p>In diesem Buch zeigt die Autorin, wie weiche Schmierseifen aus hochwertigen Pflanzen\u00f6len, Kr\u00e4utern, \u00e4therischen \u00d6len und nat\u00fcrlichen Hilfsmitteln selbst hergestellt werden k\u00f6nnen. Gr\u00fcne Seife ist ein traditioneller Allzweckreiniger f\u00fcr Haus und Garten, der biologisch abbaubar und damit besonders umweltfreundlich ist. Detaillierte Anleitungen und Beschreibungen erm\u00f6glichen die heimische Herstellung bew\u00e4hrter Haushaltsreiniger.<br \/>\nDar\u00fcber hinaus enth\u00e4lt das Buch zahlreiche Rezepte f\u00fcr die gr\u00fcndliche und schonende K\u00f6rperreinigung mit Gr\u00fcner Seife. Selbst gesiedete, weiche Naturseife erm\u00f6glicht die Herstellung von Fl\u00fcssigseifen, Duschgels und Shampoopasten, sowie Seifencremes aus wertvollen pflanzlichen Zutaten f\u00fcr die Rasur und Gesichtsreinigung bis hin zur Pflege problematischer Haut.<br \/>\nSelbst gesiedete Gr\u00fcne Seifen sind eine einfache und umweltfreundliche L\u00f6sung zu industriell gefertigten, aufwendig verpackten Produkten mit fragw\u00fcrdigen Inhaltsstoffen.<br \/>\nF\u00fcr das Sieden von weichen Seifen mit Kaliumhydroxid sind keine Erfahrungen oder Grundkenntnisse in der Seifenherstellung notwendig. Die Rezepte und Anleitungen sind so beschrieben, dass sie auch f\u00fcr Anf\u00e4nger geeignet sind.<\/p>\n<p>Das Buch ist erschienen im Freya-Verlag.<\/p>\n","protected":false},"excerpt":{"rendered":"<p>In diesem Buch zeigt die Autorin, wie weiche Schmierseifen aus hochwertigen Pflanzen\u00f6len, Kr\u00e4utern, \u00e4therischen \u00d6len und nat\u00fcrlichen Hilfsmitteln selbst hergestellt werden k\u00f6nnen. Gr\u00fcne Seife ist ein traditioneller Allzweckreiniger f\u00fcr Haus und Garten, der biologisch abbaubar und damit besonders umweltfreundlich ist. Detaillierte Anleitungen und Beschreibungen erm\u00f6glichen die heimische Herstellung bew\u00e4hrter Haushaltsreiniger. Dar\u00fcber hinaus enth\u00e4lt das Buch [&hellip;]<\/p>\n","protected":false},"featured_media":2471,"comment_status":"open","ping_status":"closed","template":"","meta":[],"product_brand":[],"product_cat":[36],"product_tag":[],"class_list":{"0":"post-2470","1":"product","2":"type-product","3":"status-publish","4":"has-post-thumbnail","6":"product_cat-selbst-gemacht","8":"first","9":"instock","10":"shipping-taxable","11":"purchasable","12":"product-type-simple"},"_links":{"self":[{"href":"https:\/\/www.waldfaun.de\/wordpress\/index.php?rest_route=\/wp\/v2\/product\/2470","targetHints":{"allow":["GET"]}}],"collection":[{"href":"https:\/\/www.waldfaun.de\/wordpress\/index.php?rest_route=\/wp\/v2\/product"}],"about":[{"href":"https:\/\/www.waldfaun.de\/wordpress\/index.php?rest_route=\/wp\/v2\/types\/product"}],"replies":[{"embeddable":true,"href":"https:\/\/www.waldfaun.de\/wordpress\/index.php?rest_route=%2Fwp%2Fv2%2Fcomments&post=2470"}],"wp:featuredmedia":[{"embeddable":true,"href":"https:\/\/www.waldfaun.de\/wordpress\/index.php?rest_route=\/wp\/v2\/media\/2471"}],"wp:attachment":[{"href":"https:\/\/www.waldfaun.de\/wordpress\/index.php?rest_route=%2Fwp%2Fv2%2Fmedia&parent=2470"}],"wp:term":[{"taxonomy":"product_brand","embeddable":true,"href":"https:\/\/www.waldfaun.de\/wordpress\/index.php?rest_route=%2Fwp%2Fv2%2Fproduct_brand&post=2470"},{"taxonomy":"product_cat","embeddable":true,"href":"https:\/\/www.waldfaun.de\/wordpress\/index.php?rest_route=%2Fwp%2Fv2%2Fproduct_cat&post=2470"},{"taxonomy":"product_tag","embeddable":true,"href":"https:\/\/www.waldfaun.de\/wordpress\/index.php?rest_route=%2Fwp%2Fv2%2Fproduct_tag&post=2470"}],"curies":[{"name":"wp","href":"https:\/\/api.w.org\/{rel}","templated":true}]}}