{"id":2468,"date":"2023-10-04T22:18:51","date_gmt":"2023-10-04T20:18:51","guid":{"rendered":"https:\/\/www.waldfaun.de\/wordpress\/?post_type=product&#038;p=2468"},"modified":"2025-06-06T09:31:03","modified_gmt":"2025-06-06T07:31:03","slug":"kastanien-koerperpflege-waschmittel-haushaltsreiniger","status":"publish","type":"product","link":"https:\/\/www.waldfaun.de\/wordpress\/?product=kastanien-koerperpflege-waschmittel-haushaltsreiniger","title":{"rendered":"Kastanien &#8211; K\u00f6rperpflege, Waschmittel, Haushaltsreiniger"},"content":{"rendered":"<p>UMWELTFREUNDLICH REINIGEN UND PFLEGEN MIT KASTANIEN<\/p>\n<p>Das Sammeln von Kastanien begleitet die meisten Familien durch den Oktober, die Fr\u00fcchte der Rosskastanie sind ein haptisches und optisches Vergn\u00fcgen. Doch Rosskastanien sind viel mehr als nur ein nat\u00fcrliches Bastelmaterial oder Tierfutter.\u00a0Dass die Kastanie waschaktive Substanzen enth\u00e4lt, und auch vielfach als Heilmittel und Pflegeprodukt f\u00fcr den K\u00f6rper eingesetzt werden kann, beschreibe ich in diesem Buch.<br \/>\nIn vielen reich bebilderten Rezepturen erkl\u00e4re ich, wie die Pflanze ihre reinigende und wohltuende Wirkung entfalten kann. Das Buch enth\u00e4lt Tipps zu Trocknung und Verarbeitung, sowie Haltbarkeit und Bevorratung der Kastanie.<br \/>\nHeimische Rosskastanien sind in ihrer Anwendungsvielfalt eine \u00f6kologisch sinnvolle Alternative im Haushalt und f\u00fcr die eigene Gesundheit. Die Produkte k\u00f6nnen ohne energieaufwendige Verarbeitung leicht hergestellt werden.<\/p>\n<p>Das Buch ist erschienen im Freya-Verlag.<\/p>\n","protected":false},"excerpt":{"rendered":"<p>UMWELTFREUNDLICH REINIGEN UND PFLEGEN MIT KASTANIEN Das Sammeln von Kastanien begleitet die meisten Familien durch den Oktober, die Fr\u00fcchte der Rosskastanie sind ein haptisches und optisches Vergn\u00fcgen. Doch Rosskastanien sind viel mehr als nur ein nat\u00fcrliches Bastelmaterial oder Tierfutter.\u00a0Dass die Kastanie waschaktive Substanzen enth\u00e4lt, und auch vielfach als Heilmittel und Pflegeprodukt f\u00fcr den K\u00f6rper eingesetzt [&hellip;]<\/p>\n","protected":false},"featured_media":2469,"comment_status":"open","ping_status":"closed","template":"","meta":[],"product_brand":[],"product_cat":[36],"product_tag":[],"class_list":{"0":"post-2468","1":"product","2":"type-product","3":"status-publish","4":"has-post-thumbnail","6":"product_cat-selbst-gemacht","8":"first","9":"outofstock","10":"shipping-taxable","11":"purchasable","12":"product-type-simple"},"_links":{"self":[{"href":"https:\/\/www.waldfaun.de\/wordpress\/index.php?rest_route=\/wp\/v2\/product\/2468","targetHints":{"allow":["GET"]}}],"collection":[{"href":"https:\/\/www.waldfaun.de\/wordpress\/index.php?rest_route=\/wp\/v2\/product"}],"about":[{"href":"https:\/\/www.waldfaun.de\/wordpress\/index.php?rest_route=\/wp\/v2\/types\/product"}],"replies":[{"embeddable":true,"href":"https:\/\/www.waldfaun.de\/wordpress\/index.php?rest_route=%2Fwp%2Fv2%2Fcomments&post=2468"}],"wp:featuredmedia":[{"embeddable":true,"href":"https:\/\/www.waldfaun.de\/wordpress\/index.php?rest_route=\/wp\/v2\/media\/2469"}],"wp:attachment":[{"href":"https:\/\/www.waldfaun.de\/wordpress\/index.php?rest_route=%2Fwp%2Fv2%2Fmedia&parent=2468"}],"wp:term":[{"taxonomy":"product_brand","embeddable":true,"href":"https:\/\/www.waldfaun.de\/wordpress\/index.php?rest_route=%2Fwp%2Fv2%2Fproduct_brand&post=2468"},{"taxonomy":"product_cat","embeddable":true,"href":"https:\/\/www.waldfaun.de\/wordpress\/index.php?rest_route=%2Fwp%2Fv2%2Fproduct_cat&post=2468"},{"taxonomy":"product_tag","embeddable":true,"href":"https:\/\/www.waldfaun.de\/wordpress\/index.php?rest_route=%2Fwp%2Fv2%2Fproduct_tag&post=2468"}],"curies":[{"name":"wp","href":"https:\/\/api.w.org\/{rel}","templated":true}]}}