{"id":2459,"date":"2023-09-29T09:38:07","date_gmt":"2023-09-29T07:38:07","guid":{"rendered":"https:\/\/www.waldfaun.de\/wordpress\/?post_type=product&#038;p=2459"},"modified":"2023-09-29T22:48:29","modified_gmt":"2023-09-29T20:48:29","slug":"zero-waste-upcycling","status":"publish","type":"product","link":"https:\/\/www.waldfaun.de\/wordpress\/?product=zero-waste-upcycling","title":{"rendered":"Zero-Waste Upcycling"},"content":{"rendered":"<p>Aus Alt mach Zerowaste! In diesem n\u00fctzlichen Ratgeber findest du rund 35 Anleitungen f\u00fcr wirklich sinnvolle Zero Waste Upcyling-Projekte. Aus vorhandenen Materialien (kein Neukauf n\u00f6tig) kannst du Zero Waste, vegane und plastikfreie Dinge zaubern, die deinen Alltag noch nachhaltiger machen. Ob selbst geh\u00e4kelte Wattepads, ein Gem\u00fcsebeutel aus alten Gardinen oder ein Kaffeefilter aus Baumwolle: Neben den Anleitungen zu den n\u00fctzlichen Alltagshelfern bekommst du eine Einf\u00fchrung in die Themen Materialien und Recycling und erf\u00e4hrst in tiefergehenden Features, wie du deinen eigenen Alltag m\u00fcll- und plastik\u00e4rmer gestalten kannst. \u00dcbrigens sind dieses Buch und die Ideen darin auch ideale Geschenke!<\/p>\n<p>Das Buch ist im Verlag Eugen Ulmer erschienen und kann hier (oder im Buchhandel) bestellt werden.<\/p>\n<p>&nbsp;<\/p>\n","protected":false},"excerpt":{"rendered":"<p>Aus Alt mach Zerowaste! In diesem n\u00fctzlichen Ratgeber findest du rund 35 Anleitungen f\u00fcr wirklich sinnvolle Zero Waste Upcyling-Projekte. Aus vorhandenen Materialien (kein Neukauf n\u00f6tig) kannst du Zero Waste, vegane und plastikfreie Dinge zaubern, die deinen Alltag noch nachhaltiger machen. Ob selbst geh\u00e4kelte Wattepads, ein Gem\u00fcsebeutel aus alten Gardinen oder ein Kaffeefilter aus Baumwolle: Neben [&hellip;]<\/p>\n","protected":false},"featured_media":2460,"comment_status":"open","ping_status":"closed","template":"","meta":[],"product_brand":[],"product_cat":[36],"product_tag":[],"class_list":{"0":"post-2459","1":"product","2":"type-product","3":"status-publish","4":"has-post-thumbnail","6":"product_cat-selbst-gemacht","7":"product_shipping_class-buch-a5","9":"first","10":"instock","11":"shipping-taxable","12":"purchasable","13":"product-type-simple"},"_links":{"self":[{"href":"https:\/\/www.waldfaun.de\/wordpress\/index.php?rest_route=\/wp\/v2\/product\/2459","targetHints":{"allow":["GET"]}}],"collection":[{"href":"https:\/\/www.waldfaun.de\/wordpress\/index.php?rest_route=\/wp\/v2\/product"}],"about":[{"href":"https:\/\/www.waldfaun.de\/wordpress\/index.php?rest_route=\/wp\/v2\/types\/product"}],"replies":[{"embeddable":true,"href":"https:\/\/www.waldfaun.de\/wordpress\/index.php?rest_route=%2Fwp%2Fv2%2Fcomments&post=2459"}],"wp:featuredmedia":[{"embeddable":true,"href":"https:\/\/www.waldfaun.de\/wordpress\/index.php?rest_route=\/wp\/v2\/media\/2460"}],"wp:attachment":[{"href":"https:\/\/www.waldfaun.de\/wordpress\/index.php?rest_route=%2Fwp%2Fv2%2Fmedia&parent=2459"}],"wp:term":[{"taxonomy":"product_brand","embeddable":true,"href":"https:\/\/www.waldfaun.de\/wordpress\/index.php?rest_route=%2Fwp%2Fv2%2Fproduct_brand&post=2459"},{"taxonomy":"product_cat","embeddable":true,"href":"https:\/\/www.waldfaun.de\/wordpress\/index.php?rest_route=%2Fwp%2Fv2%2Fproduct_cat&post=2459"},{"taxonomy":"product_tag","embeddable":true,"href":"https:\/\/www.waldfaun.de\/wordpress\/index.php?rest_route=%2Fwp%2Fv2%2Fproduct_tag&post=2459"}],"curies":[{"name":"wp","href":"https:\/\/api.w.org\/{rel}","templated":true}]}}