{"id":1169,"date":"2018-10-03T22:31:43","date_gmt":"2018-10-03T20:31:43","guid":{"rendered":"http:\/\/www.waldfaun.de\/wordpress\/?post_type=product&#038;p=1169"},"modified":"2020-10-18T22:44:51","modified_gmt":"2020-10-18T20:44:51","slug":"heligonische-religionen","status":"publish","type":"product","link":"https:\/\/www.waldfaun.de\/wordpress\/?product=heligonische-religionen","title":{"rendered":"Heligonische Religionen"},"content":{"rendered":"<p>Erster Teil aus der Reihe Encyclopaedia Heligonia, der eine Beschreibung der fiktiven Religionen des K\u00f6nigreichs Heligonia enth\u00e4lt. Verwendbar als Quellenmaterial f\u00fcr Live-Rollenspieler sowie Tischrollenspieler.<\/p>\n<p><a href=\"https:\/\/www.waldfaun.de\/wordpress\/wp-content\/uploads\/2018\/10\/Encyclopaedia-Heligonia-Religionen.pdf\" target=\"_blank\" rel=\"noopener noreferrer\">Direkter Download-Link<\/a><\/p>\n<p><strong>Autoren<\/strong><br \/>\nOliver Friese<br \/>\nIn\u00e9s Hermann<br \/>\nMarc Hermann<br \/>\nDaniela Lochner<br \/>\nStefan Rampp<\/p>\n<p><strong>Erschienen<\/strong><br \/>\nSeptember 2018<\/p>\n<p><strong>ISBN<\/strong><br \/>\n978-3-937921-12-9<\/p>\n","protected":false},"excerpt":{"rendered":"<p>Erster Teil aus der Reihe Encyclopaedia Heligonia, der eine Beschreibung der fiktiven Religionen des K\u00f6nigreichs Heligonia enth\u00e4lt. Verwendbar als Quellenmaterial f\u00fcr Live-Rollenspieler sowie Tischrollenspieler. Direkter Download-Link Autoren Oliver Friese In\u00e9s Hermann Marc Hermann Daniela Lochner Stefan Rampp Erschienen September 2018 ISBN 978-3-937921-12-9<\/p>\n","protected":false},"featured_media":1170,"comment_status":"open","ping_status":"closed","template":"","meta":[],"product_brand":[],"product_cat":[35],"product_tag":[],"class_list":{"0":"post-1169","1":"product","2":"type-product","3":"status-publish","4":"has-post-thumbnail","6":"product_cat-phantastisches","8":"first","9":"instock","10":"downloadable","11":"virtual","12":"purchasable","13":"product-type-simple"},"_links":{"self":[{"href":"https:\/\/www.waldfaun.de\/wordpress\/index.php?rest_route=\/wp\/v2\/product\/1169","targetHints":{"allow":["GET"]}}],"collection":[{"href":"https:\/\/www.waldfaun.de\/wordpress\/index.php?rest_route=\/wp\/v2\/product"}],"about":[{"href":"https:\/\/www.waldfaun.de\/wordpress\/index.php?rest_route=\/wp\/v2\/types\/product"}],"replies":[{"embeddable":true,"href":"https:\/\/www.waldfaun.de\/wordpress\/index.php?rest_route=%2Fwp%2Fv2%2Fcomments&post=1169"}],"wp:featuredmedia":[{"embeddable":true,"href":"https:\/\/www.waldfaun.de\/wordpress\/index.php?rest_route=\/wp\/v2\/media\/1170"}],"wp:attachment":[{"href":"https:\/\/www.waldfaun.de\/wordpress\/index.php?rest_route=%2Fwp%2Fv2%2Fmedia&parent=1169"}],"wp:term":[{"taxonomy":"product_brand","embeddable":true,"href":"https:\/\/www.waldfaun.de\/wordpress\/index.php?rest_route=%2Fwp%2Fv2%2Fproduct_brand&post=1169"},{"taxonomy":"product_cat","embeddable":true,"href":"https:\/\/www.waldfaun.de\/wordpress\/index.php?rest_route=%2Fwp%2Fv2%2Fproduct_cat&post=1169"},{"taxonomy":"product_tag","embeddable":true,"href":"https:\/\/www.waldfaun.de\/wordpress\/index.php?rest_route=%2Fwp%2Fv2%2Fproduct_tag&post=1169"}],"curies":[{"name":"wp","href":"https:\/\/api.w.org\/{rel}","templated":true}]}}