{"id":68,"date":"2013-04-08T22:23:28","date_gmt":"2013-04-08T20:23:28","guid":{"rendered":"http:\/\/www.waldfaun.de\/wordpress\/?page_id=68"},"modified":"2023-11-20T00:14:00","modified_gmt":"2023-11-19T22:14:00","slug":"allgemeine-geschaftsbedingungen-agb-des-verlag-waldfaun","status":"publish","type":"page","link":"https:\/\/www.waldfaun.de\/wordpress\/?page_id=68","title":{"rendered":"Allgemeine Gesch\u00e4ftsbedingungen (AGB) des Verlag Waldfaun"},"content":{"rendered":"<p><strong>1. Geltungsbereich<\/strong><\/p>\n<p>Diese AGB gelten in ihrer zum Zeitpunkt der Bestellung des Kunden g\u00fcltigen Fassung. Der Kunde hat das Recht, diese auszudrucken oder in wiedergabef\u00e4higer Form abzuspeichern. Die AGB gelten f\u00fcr den Online-Shop auf der Webpr\u00e4senz http:\/\/www.waldfaun.de f\u00fcr Endverbraucher. Von diesen AGB abweichende Bedingungen sind schriftlich mit dem Verlag zu verhandeln und gelten nur nach ausdr\u00fccklicher schriftlicher Zustimmung durch den Verlagsinhaber Marc Hermann.<\/p>\n<p><strong>2. Vertragsabschluss<\/strong><\/p>\n<p>Die im Online-Shop des Verlags Waldfaun pr\u00e4sentierten Titel stellen noch kein Angebot zum Abschluss eines Vertrages dar. Sie sind lediglich eine unverbindliche Aufforderung an Sie zur Abgabe einer Bestellung.<\/p>\n<p>Sie k\u00f6nnen die Waren im Online-Shop des Verlags Waldfaun ausw\u00e4hlen und diese \u00fcber die Schaltfl\u00e4che &#8222;In den Warenkorb&#8220; in einem virtuellen Warenkorb sammeln. \u00dcber die Schaltfl\u00e4che &#8222;Zur Kasse&#8220; gelangen Sie zur Eingabemaske, auf der Sie notwendige Daten wie E-Mail, Name und Lieferadresse hinterlassen k\u00f6nnen. Erst durch Anklicken der Schaltfl\u00e4che &#8222;Kaufen&#8220; geben Sie ein verbindliches Angebot zum Kauf der im Warenkorb bezeichneten Titel ab.<\/p>\n<p>Sobald Sie Titel im Online-Shop des Verlags Waldfaun bestellen, erhalten Sie eine pers\u00f6nliche Empfangsbest\u00e4tigung an die von Ihnen angegebene E-Mail Adresse. Ihre Bestellung stellt ein Angebot an den Waldfaun-Verlag zum Abschluss eines Kaufvertrages dar. Diese Bestellbest\u00e4tigung stellt keine Annahme Ihres Angebotes dar, sondern soll Sie nur dar\u00fcber informieren, dass Ihre Bestellung bei uns eingegangen ist. Sie erhalten dann vom Verlag Waldfaun eine Rechnung per E-Mail und zahlen per Vorauskasse. Sobald der Eingang des Kaufpreises bei uns verbucht ist, wird \u00a0das bestellte Produkt an Sie versendet und Sie erhalten eine Versandbest\u00e4tigung per E-Mail, wodurch der Kaufvertrag nun zustande kommt.<\/p>\n<p>Die Vertragssprache ist ausschlie\u00dflich deutsch.<\/p>\n<p><strong>3. Widerrufsbelehrung (nach \u00a7 13 BGB)<\/strong><\/p>\n<p>Widerrufsrecht<br \/>\nSie k\u00f6nnen Ihre Vertragserkl\u00e4rung innerhalb von 14 Tagen ohne Angabe von Gr\u00fcnden in Textform (z. B. Brief oder E\u2013Mail) oder &#8211; wenn Ihnen die Sache vor Fristablauf \u00fcberlassen wird &#8211; auch durch R\u00fccksendung der Sache widerrufen. Die Frist beginnt nach Erhalt dieser Belehrung in Textform, jedoch nicht vor Eingang der Ware beim Empf\u00e4nger (bei der wiederkehrenden Lieferung gleichartiger Waren nicht vor Eingang der ersten Teillieferung) und auch nicht vor Erf\u00fcllung unserer Informationspflichten gem\u00e4\u00df Artikel 246 \u00a7 2 in Verbindung mit \u00a7 1 Abs. 1 und 2 EGBGB sowie unserer Pflichten gem\u00e4\u00df \u00a7 312e Abs. 1 Satz 1 BGB in Verbindung mit Artikel 246 \u00a7 3 EGBGB. Zur Wahrung der Widerrufsfrist gen\u00fcgt die rechtzeitige Absendung des Widerrufs oder der Sache.<\/p>\n<p>Der Widerruf ist zu richten an:<\/p>\n<p>R\u00fccksendung:<\/p>\n<p>Verlag Waldfaun<br \/>\nMarc Hermann<br \/>\nGrie\u00dffeldstr. 23<br \/>\n73432 Aalen &#8211; Waldhausen<\/p>\n<p>per Brief:<\/p>\n<p>Verlag Waldfaun<br \/>\nMarc Hermann<br \/>\nGrie\u00dffeldstr. 23<br \/>\n73432 Aalen &#8211; Waldhausen<\/p>\n<p>per Email: marc.hermann@waldfaun.de<\/p>\n<p>Widerrufsfolgen<br \/>\nIm Falle eines wirksamen Widerrufs sind die beiderseits empfangenen Leistungen zur\u00fcckzugew\u00e4hren und ggf. gezogene Nutzungen (z. B. Zinsen) herauszugeben. K\u00f6nnen Sie uns die empfangene Leistung sowie Nutzungen (z. B. Gebrauchsvorteile) nicht oder teilweise nicht oder nur in verschlechtertem Zustand zur\u00fcckgew\u00e4hren beziehungsweise herausgeben, m\u00fcssen Sie uns insoweit Wertersatz leisten.<br \/>\nF\u00fcr die Verschlechterung der Sache und f\u00fcr gezogene Nutzungen m\u00fcssen Sie Wertersatz nur leisten, soweit die Nutzungen oder die Verschlechterung auf einen Umgang mit der Sache zur\u00fcckzuf\u00fchren ist, der \u00fcber die Pr\u00fcfung der Eigenschaften und der Funktionsweise hinausgeht. Unter \u201ePr\u00fcfung der Eigenschaften und der Funktionsweise\u201c versteht man das Testen und Ausprobieren der jeweiligen Ware, wie es etwa im Ladengesch\u00e4ft m\u00f6glich und \u00fcblich ist.<br \/>\nPaketversandf\u00e4hige Sachen sind auf unsere Gefahr zur\u00fcckzusenden. Sie haben die regelm\u00e4\u00dfigen Kosten der R\u00fccksendung zu tragen, wenn die gelieferte Ware der bestellten entspricht oder wenn Sie bei einem h\u00f6heren Preis der Sache zum Zeitpunkt des Widerrufs noch nicht die Gegenleistung oder eine vertraglich vereinbarte Teilzahlung erbracht haben. Andernfalls ist die R\u00fccksendung f\u00fcr Sie kostenfrei.<br \/>\nVerpflichtungen zur Erstattung von Zahlungen m\u00fcssen innerhalb von 30 Tagen erf\u00fcllt werden. Die Frist beginnt f\u00fcr Sie mit der Absendung Ihrer Widerrufserkl\u00e4rung oder der Sache, f\u00fcr uns mit deren Empfang.<\/p>\n<p>Ende der Widerrufsbelehrung.<\/p>\n<p><strong>4. Preise und Versandkosten<\/strong><\/p>\n<p>Die im Online-Shop angegebenen Preise sind Endpreise in Euro, sie enthalten die gesetzliche Mehrwertsteuer. Es handelt sich um vom Verlag rechtsverbindlich festgesetzte Preise. Im Falle von preisgebundenen Produkten gilt das Buchpreisbindungsgesetz und es sind gesetzlich keine Abweichungen zul\u00e4ssig.<\/p>\n<p>Die Versandkosten aller Lieferungen richten sich nach den zum Zeitpunkt der Bestellung g\u00fcltigen Tarifen des Versandhandels.<\/p>\n<p><strong>5. Zahlung und Lieferung<\/strong><\/p>\n<p>Sie erhalten nach Ihrer Bestellung vom Verlag Waldfaun eine Rechnung per E-Mail. <strong>In dieser Rechnung finden Sie ganz unten auf der rechten Seite unsere Kontodaten.<\/strong> Die Zahlung erfolgt per Vorauskasse. Sobald der Eingang des Kaufpreises bei uns verbucht ist, wird das bestellte Produkt bzw. werden die bestellten Produkte an Sie versendet.<\/p>\n<p><strong>6. Vorbehalt einer Nichtverf\u00fcgbarkeit<\/strong><\/p>\n<p>Der Verlag beh\u00e4lt sich vor, Ihre Bestellung zur\u00fcckzuweisen, wenn der bestellte Titel vergriffen oder nicht mehr vorr\u00e4tig ist. Sie erhalten in diesem Fall eine E-Mail-Benachrichtigung \u00fcber die Nichtverf\u00fcgbarkeit und die Option auf eine Vorbestellung, falls der Titel neu aufgelegt wird.<\/p>\n<p><strong>7. Datenschutz<\/strong><\/p>\n<p>Ihre personenspezifischen Daten wie Name und Adresse(n) werden im Rahmen des Bundesdatenschutzgesetzes (\u00a7 26 BDSG) zul\u00e4ssig elektronisch gespeichert und nur f\u00fcr verlagsinterne Zwecke verwendet. Die Daten werden nicht an Dritte weitergegeben und auch nicht f\u00fcr Newsletter verwendet, sondern ausschlie\u00dflich f\u00fcr den Bestellvorgang, m\u00f6gliche R\u00fcckfragen, sowie f\u00fcr den Versand verwendet.<br \/>\nWeitere Informationen finden Sie <a href=\"http:\/\/www.waldfaun.de\/wordpress\/?page_id=1073\" rel=\"noopener\" target=\"_blank\">hier<\/a>.<\/p>\n<p><strong>8. Rechte Dritter<\/strong><\/p>\n<p>Schutzrechte Dritter, insbesondere Urheber-, Marken- und Verlagsrechte Dritter sind bei Verwendung der gelieferten Titel zu beachten.<\/p>\n<p><strong>9. Salvatorische Klausel<\/strong><\/p>\n<p>Sollte eine Bestimmung dieses Vertrages unwirksam sein, wird die Wirksamkeit der \u00fcbrigen Bestimmungen davon nicht ber\u00fchrt. Die Parteien verpflichten sich, anstelle einer unwirksamen Bestimmung eine dieser Bestimmung m\u00f6glichst nahekommende wirksame Regelung zu treffen.<\/p>\n","protected":false},"excerpt":{"rendered":"<p>1. Geltungsbereich Diese AGB gelten in ihrer zum Zeitpunkt der Bestellung des Kunden g\u00fcltigen Fassung. Der Kunde hat das Recht, diese auszudrucken oder in wiedergabef\u00e4higer Form abzuspeichern. Die AGB gelten f\u00fcr den Online-Shop auf der Webpr\u00e4senz http:\/\/www.waldfaun.de f\u00fcr Endverbraucher. Von diesen AGB abweichende Bedingungen sind schriftlich mit dem Verlag zu verhandeln und gelten nur nach [&hellip;]<\/p>\n","protected":false},"author":1,"featured_media":2520,"parent":0,"menu_order":0,"comment_status":"closed","ping_status":"closed","template":"","meta":{"footnotes":""},"class_list":["post-68","page","type-page","status-publish","has-post-thumbnail","hentry"],"_links":{"self":[{"href":"https:\/\/www.waldfaun.de\/wordpress\/index.php?rest_route=\/wp\/v2\/pages\/68","targetHints":{"allow":["GET"]}}],"collection":[{"href":"https:\/\/www.waldfaun.de\/wordpress\/index.php?rest_route=\/wp\/v2\/pages"}],"about":[{"href":"https:\/\/www.waldfaun.de\/wordpress\/index.php?rest_route=\/wp\/v2\/types\/page"}],"author":[{"embeddable":true,"href":"https:\/\/www.waldfaun.de\/wordpress\/index.php?rest_route=\/wp\/v2\/users\/1"}],"replies":[{"embeddable":true,"href":"https:\/\/www.waldfaun.de\/wordpress\/index.php?rest_route=%2Fwp%2Fv2%2Fcomments&post=68"}],"version-history":[{"count":7,"href":"https:\/\/www.waldfaun.de\/wordpress\/index.php?rest_route=\/wp\/v2\/pages\/68\/revisions"}],"predecessor-version":[{"id":1081,"href":"https:\/\/www.waldfaun.de\/wordpress\/index.php?rest_route=\/wp\/v2\/pages\/68\/revisions\/1081"}],"wp:featuredmedia":[{"embeddable":true,"href":"https:\/\/www.waldfaun.de\/wordpress\/index.php?rest_route=\/wp\/v2\/media\/2520"}],"wp:attachment":[{"href":"https:\/\/www.waldfaun.de\/wordpress\/index.php?rest_route=%2Fwp%2Fv2%2Fmedia&parent=68"}],"curies":[{"name":"wp","href":"https:\/\/api.w.org\/{rel}","templated":true}]}}